{"id":570,"date":"2021-02-18T16:51:45","date_gmt":"2021-02-18T15:51:45","guid":{"rendered":"https:\/\/munich-finest-apartments.com\/informations-legales\/"},"modified":"2021-02-18T16:51:45","modified_gmt":"2021-02-18T15:51:45","slug":"informations-legales","status":"publish","type":"page","link":"https:\/\/munich-finest-apartments.com\/fr\/informations-legales\/","title":{"rendered":"Informations l\u00e9gales"},"content":{"rendered":"<p>[vc_row][vc_column][vc_column_text]<\/p>\n<h3><strong>Informations l\u00e9gales<\/strong><\/h3>\n<p>Responsable du contenu:<\/p>\n<p>Shams Immobilien GmbH<br \/>\nMunich finest apartments feels like home<br \/>\nSchillerstra\u00dfe 30<br \/>\n80336 M\u00fcnchen<\/p>\n<p>Tel: 0049-89-7235015<br \/>\nFax: 0049-89-7235013<br \/>\nE-Mail: info@munich-finest-apartments.com<br \/>\nWeb: <a href=\"https:\/\/munich-finest-apartments.com\/fr\/\">https:\/\/munich-finest-apartments.com<\/a><\/p>\n<p>Directeur g\u00e9n\u00e9ral avec pouvoir de repr\u00e9sentation: Hamza Alsaedie<\/p>\n<p>Tribunal d&rsquo;enregistrement : Tribunal d&rsquo;instance de Munich<br \/>\nNum\u00e9ro de registre: HRB 244932<\/p>\n<p>Num\u00e9ro d&rsquo;identification de la taxe de vente conform\u00e9ment au \u00a7 27a de la loi sur la taxe de vente : DE322276950[\/vc_column_text][\/vc_column][\/vc_row]<\/p>\n","protected":false},"excerpt":{"rendered":"<p>[vc_row][vc_column][vc_column_text] Informations l\u00e9gales Responsable du contenu: Shams Immobilien GmbH Munich finest apartments feels like home Schillerstra\u00dfe 30 80336 M\u00fcnchen Tel: 0049-89-7235015 Fax: 0049-89-7235013 E-Mail: info@munich-finest-apartments.com Web: https:\/\/munich-finest-apartments.com Directeur g\u00e9n\u00e9ral avec pouvoir de repr\u00e9sentation: Hamza Alsaedie Tribunal d&rsquo;enregistrement : Tribunal d&rsquo;instance de Munich Num\u00e9ro de registre: HRB 244932 Num\u00e9ro d&rsquo;identification de la taxe de vente conform\u00e9ment<\/p>\n<a href=\"https:\/\/munich-finest-apartments.com\/fr\/informations-legales\/\" class=\"sohohotel-more-link\">Read More<i class=\"fa fa-angle-right\"><\/i><\/a>","protected":false},"author":1,"featured_media":0,"parent":0,"menu_order":0,"comment_status":"closed","ping_status":"open","template":"","meta":[],"_links":{"self":[{"href":"https:\/\/munich-finest-apartments.com\/fr\/wp-json\/wp\/v2\/pages\/570"}],"collection":[{"href":"https:\/\/munich-finest-apartments.com\/fr\/wp-json\/wp\/v2\/pages"}],"about":[{"href":"https:\/\/munich-finest-apartments.com\/fr\/wp-json\/wp\/v2\/types\/page"}],"author":[{"embeddable":true,"href":"https:\/\/munich-finest-apartments.com\/fr\/wp-json\/wp\/v2\/users\/1"}],"replies":[{"embeddable":true,"href":"https:\/\/munich-finest-apartments.com\/fr\/wp-json\/wp\/v2\/comments?post=570"}],"version-history":[{"count":1,"href":"https:\/\/munich-finest-apartments.com\/fr\/wp-json\/wp\/v2\/pages\/570\/revisions"}],"predecessor-version":[{"id":571,"href":"https:\/\/munich-finest-apartments.com\/fr\/wp-json\/wp\/v2\/pages\/570\/revisions\/571"}],"wp:attachment":[{"href":"https:\/\/munich-finest-apartments.com\/fr\/wp-json\/wp\/v2\/media?parent=570"}],"curies":[{"name":"wp","href":"https:\/\/api.w.org\/{rel}","templated":true}]}}