{"id":579,"date":"2021-02-22T09:54:32","date_gmt":"2021-02-22T08:54:32","guid":{"rendered":"https:\/\/munich-finest-apartments.com\/contact\/"},"modified":"2021-02-22T09:57:51","modified_gmt":"2021-02-22T08:57:51","slug":"contact","status":"publish","type":"page","link":"https:\/\/munich-finest-apartments.com\/fr\/contact\/","title":{"rendered":"Contact"},"content":{"rendered":"<p>[vc_row][vc_column width=\u00a0\u00bb1\/2&Prime;]<div class=\"sohohotel-title3 sohohotel-title-color\"><h4>Prendre Contact<\/h4><\/div>[vc_column_text]Nous serons heureux de r\u00e9pondre \u00e0 vos questions. Il vous suffit d&rsquo;utiliser ce formulaire:[\/vc_column_text]<div role=\"form\" class=\"wpcf7\" id=\"wpcf7-f88-o1\" lang=\"de-DE\" dir=\"ltr\">\n<div class=\"screen-reader-response\"><p role=\"status\" aria-live=\"polite\" aria-atomic=\"true\"><\/p> <ul><\/ul><\/div>\n<form action=\"\/fr\/wp-json\/wp\/v2\/pages\/579#wpcf7-f88-o1\" method=\"post\" class=\"wpcf7-form init\" novalidate=\"novalidate\" data-status=\"init\">\n<div style=\"display: none;\">\n<input type=\"hidden\" name=\"_wpcf7\" value=\"88\" \/>\n<input type=\"hidden\" name=\"_wpcf7_version\" value=\"5.4\" \/>\n<input type=\"hidden\" name=\"_wpcf7_locale\" value=\"de_DE\" \/>\n<input type=\"hidden\" name=\"_wpcf7_unit_tag\" value=\"wpcf7-f88-o1\" \/>\n<input type=\"hidden\" name=\"_wpcf7_container_post\" value=\"0\" \/>\n<input type=\"hidden\" name=\"_wpcf7_posted_data_hash\" value=\"\" \/>\n<\/div>\n<p><label>Your Name <span>*<\/span><\/label><span class=\"wpcf7-form-control-wrap your-name\"><input type=\"text\" name=\"your-name\" value=\"\" size=\"40\" class=\"wpcf7-form-control wpcf7-text wpcf7-validates-as-required\" aria-required=\"true\" aria-invalid=\"false\" \/><\/span><label>Your Email <span>*<\/span><\/label><span class=\"wpcf7-form-control-wrap your-email\"><input type=\"email\" name=\"your-email\" value=\"\" size=\"40\" class=\"wpcf7-form-control wpcf7-text wpcf7-email wpcf7-validates-as-required wpcf7-validates-as-email\" aria-required=\"true\" aria-invalid=\"false\" \/><\/span><label>Subject<\/label><span class=\"wpcf7-form-control-wrap your-subject\"><input type=\"text\" name=\"your-subject\" value=\"\" size=\"40\" class=\"wpcf7-form-control wpcf7-text\" aria-invalid=\"false\" \/><\/span><label>Your Message <span>*<\/span><\/label><span class=\"wpcf7-form-control-wrap your-message\"><textarea name=\"your-message\" cols=\"40\" rows=\"10\" class=\"wpcf7-form-control wpcf7-textarea wpcf7-validates-as-required sohohotel-cf7-form1\" aria-required=\"true\" aria-invalid=\"false\"><\/textarea><\/span><input type=\"submit\" value=\"Send\" class=\"wpcf7-form-control wpcf7-submit\" \/><\/p>\n<div class=\"wpcf7-response-output\" aria-hidden=\"true\"><\/div><\/form><\/div>[vc_empty_space height=\u00a0\u00bb40px\u00a0\u00bb][\/vc_column][vc_column width=\u00a0\u00bb1\/2&Prime;]<div class=\"sohohotel-title3 sohohotel-title-color\"><h4>Contact direct<\/h4><\/div>[vc_column_text]<\/p>\n<ul>\n<li><strong>ADRESS<\/strong>: Schillerstra\u00dfe 30, 80336 M\u00fcnchen<\/li>\n<li><strong>T\u00e9l\u00e9phone<\/strong>: 0049-89-7235015<\/li>\n<li><strong>Fax:<\/strong> 0049-89-7235013<\/li>\n<li><strong>E-Mail:<\/strong> info@munich-finest-apartments.com<\/li>\n<li><strong>PERSONNE DE CONTACT:<\/strong><br \/>\nAdnan Jassem<br \/>\n0049-17664341995<\/li>\n<li><strong>PERSONNE DE CONTACT:<\/strong><br \/>\nTarik Jabo<br \/>\n0049-17667886615<\/li>\n<\/ul>\n<p>[\/vc_column_text][vc_empty_space height=\u00a0\u00bb40px\u00a0\u00bb][\/vc_column][\/vc_row]<\/p>\n","protected":false},"excerpt":{"rendered":"<p>[vc_row][vc_column width=\u00a0\u00bb1\/2&Prime;][vc_column_text]Nous serons heureux de r\u00e9pondre \u00e0 vos questions. Il vous suffit d&rsquo;utiliser ce formulaire:[\/vc_column_text][vc_empty_space height=\u00a0\u00bb40px\u00a0\u00bb][\/vc_column][vc_column width=\u00a0\u00bb1\/2&Prime;][vc_column_text] ADRESS: Schillerstra\u00dfe 30, 80336 M\u00fcnchen T\u00e9l\u00e9phone: 0049-89-7235015 Fax: 0049-89-7235013 E-Mail: info@munich-finest-apartments.com PERSONNE DE CONTACT: Adnan Jassem 0049-17664341995 PERSONNE DE CONTACT: Tarik Jabo 0049-17667886615 [\/vc_column_text][vc_empty_space height=\u00a0\u00bb40px\u00a0\u00bb][\/vc_column][\/vc_row]<\/p>\n<a href=\"https:\/\/munich-finest-apartments.com\/fr\/contact\/\" class=\"sohohotel-more-link\">Read More<i class=\"fa fa-angle-right\"><\/i><\/a>","protected":false},"author":1,"featured_media":0,"parent":0,"menu_order":0,"comment_status":"closed","ping_status":"closed","template":"","meta":[],"_links":{"self":[{"href":"https:\/\/munich-finest-apartments.com\/fr\/wp-json\/wp\/v2\/pages\/579"}],"collection":[{"href":"https:\/\/munich-finest-apartments.com\/fr\/wp-json\/wp\/v2\/pages"}],"about":[{"href":"https:\/\/munich-finest-apartments.com\/fr\/wp-json\/wp\/v2\/types\/page"}],"author":[{"embeddable":true,"href":"https:\/\/munich-finest-apartments.com\/fr\/wp-json\/wp\/v2\/users\/1"}],"replies":[{"embeddable":true,"href":"https:\/\/munich-finest-apartments.com\/fr\/wp-json\/wp\/v2\/comments?post=579"}],"version-history":[{"count":5,"href":"https:\/\/munich-finest-apartments.com\/fr\/wp-json\/wp\/v2\/pages\/579\/revisions"}],"predecessor-version":[{"id":584,"href":"https:\/\/munich-finest-apartments.com\/fr\/wp-json\/wp\/v2\/pages\/579\/revisions\/584"}],"wp:attachment":[{"href":"https:\/\/munich-finest-apartments.com\/fr\/wp-json\/wp\/v2\/media?parent=579"}],"curies":[{"name":"wp","href":"https:\/\/api.w.org\/{rel}","templated":true}]}}