{"id":589,"date":"2021-02-22T10:01:40","date_gmt":"2021-02-22T09:01:40","guid":{"rendered":"https:\/\/munich-finest-apartments.com\/a-propos-de-nous\/"},"modified":"2021-02-22T10:01:41","modified_gmt":"2021-02-22T09:01:41","slug":"a-propos-de-nous","status":"publish","type":"page","link":"https:\/\/munich-finest-apartments.com\/fr\/a-propos-de-nous\/","title":{"rendered":"\u00c0 propos de nous"},"content":{"rendered":"<p>[vc_row][vc_column width=\u00a0\u00bb1\/2&Prime;]<div class=\"sohohotel-title3 sohohotel-title-color\"><h4>Munich Finest Apartments<\/h4><\/div>[vc_column_text]Il nous tient \u00e0 c\u0153ur de vous offrir un s\u00e9jour inoubliable dans nos appartements de vacances exclusifs. Gr\u00e2ce \u00e0 notre engagement, notre service et notre souci du d\u00e9tail, nous nous distinguons de nos concurrents.<\/p>\n<p>Avec nos 7 locations de vacances, nous avons un appartement qui r\u00e9pond aux besoins de chacun.<\/p>\n<p>De l&rsquo;appartement spacieux d&rsquo;une chambre \u00e0 coucher \u00e0 l&rsquo;appartement de quatre chambres \u00e0 coucher, il y en a pour tous les go\u00fbts.<\/p>\n<p>Nous nous r\u00e9jouissons de vous accueillir bient\u00f4t dans nos appartements et nous nous r\u00e9jouissons de votre s\u00e9jour chez nous.[\/vc_column_text][vc_empty_space height=\u00a0\u00bb10px\u00a0\u00bb][\/vc_column][vc_column width=\u00a0\u00bb1\/2&Prime;][vc_empty_space height=\u00a0\u00bb40px\u00a0\u00bb][\/vc_column][\/vc_row]<\/p>\n","protected":false},"excerpt":{"rendered":"<p>[vc_row][vc_column width=\u00a0\u00bb1\/2&Prime;][vc_column_text]Il nous tient \u00e0 c\u0153ur de vous offrir un s\u00e9jour inoubliable dans nos appartements de vacances exclusifs. Gr\u00e2ce \u00e0 notre engagement, notre service et notre souci du d\u00e9tail, nous nous distinguons de nos concurrents. Avec nos 7 locations de vacances, nous avons un appartement qui r\u00e9pond aux besoins de chacun. De l&rsquo;appartement spacieux d&rsquo;une<\/p>\n<a href=\"https:\/\/munich-finest-apartments.com\/fr\/a-propos-de-nous\/\" class=\"sohohotel-more-link\">Read More<i class=\"fa fa-angle-right\"><\/i><\/a>","protected":false},"author":1,"featured_media":0,"parent":0,"menu_order":0,"comment_status":"closed","ping_status":"closed","template":"","meta":[],"_links":{"self":[{"href":"https:\/\/munich-finest-apartments.com\/fr\/wp-json\/wp\/v2\/pages\/589"}],"collection":[{"href":"https:\/\/munich-finest-apartments.com\/fr\/wp-json\/wp\/v2\/pages"}],"about":[{"href":"https:\/\/munich-finest-apartments.com\/fr\/wp-json\/wp\/v2\/types\/page"}],"author":[{"embeddable":true,"href":"https:\/\/munich-finest-apartments.com\/fr\/wp-json\/wp\/v2\/users\/1"}],"replies":[{"embeddable":true,"href":"https:\/\/munich-finest-apartments.com\/fr\/wp-json\/wp\/v2\/comments?post=589"}],"version-history":[{"count":2,"href":"https:\/\/munich-finest-apartments.com\/fr\/wp-json\/wp\/v2\/pages\/589\/revisions"}],"predecessor-version":[{"id":591,"href":"https:\/\/munich-finest-apartments.com\/fr\/wp-json\/wp\/v2\/pages\/589\/revisions\/591"}],"wp:attachment":[{"href":"https:\/\/munich-finest-apartments.com\/fr\/wp-json\/wp\/v2\/media?parent=589"}],"curies":[{"name":"wp","href":"https:\/\/api.w.org\/{rel}","templated":true}]}}