{"id":743,"date":"2021-02-22T15:43:57","date_gmt":"2021-02-22T14:43:57","guid":{"rendered":"https:\/\/munich-finest-apartments.com\/premiere\/"},"modified":"2021-05-28T11:42:22","modified_gmt":"2021-05-28T09:42:22","slug":"premiere","status":"publish","type":"page","link":"https:\/\/munich-finest-apartments.com\/fr\/","title":{"rendered":"Premiere"},"content":{"rendered":"<p>[vc_row css=\u00a0\u00bb.vc_custom_1537517367646{margin-top: 0px !important;margin-right: 0px !important;margin-bottom: 0px !important;margin-left: 0px !important;border-top-width: 0px !important;border-right-width: 0px !important;border-bottom-width: 0px !important;border-left-width: 0px !important;padding-top: 0px !important;padding-right: 0px !important;padding-bottom: 0px !important;padding-left: 0px !important;}\u00a0\u00bb][vc_column css=\u00a0\u00bb.vc_custom_1537517359601{margin-top: 0px !important;margin-right: 0px !important;margin-bottom: 0px !important;margin-left: 0px !important;border-top-width: 0px !important;border-right-width: 0px !important;border-bottom-width: 0px !important;border-left-width: 0px !important;padding-top: 0px !important;padding-right: 0px !important;padding-bottom: 0px !important;padding-left: 0px !important;}\u00a0\u00bb][rev_slider_vc alias=\u00a0\u00bbmunich-homepage-en-1&Prime; el_class=\u00a0\u00bbsohohotel-homepage-slider\u00a0\u00bb][\/vc_column][\/vc_row][vc_row css=\u00a0\u00bb.vc_custom_1580315244051{margin-top: 0px !important;margin-right: 0px !important;margin-bottom: 45px !important;margin-left: 0px !important;border-top-width: 0px !important;border-right-width: 0px !important;border-bottom-width: 0px !important;border-left-width: 0px !important;padding-top: 0px !important;padding-right: 0px !important;padding-bottom: 0px !important;padding-left: 0px !important;background-color: #1c1c1c !important;}\u00a0\u00bb][vc_column css=\u00a0\u00bb.vc_custom_1537517343778{margin-top: 0px !important;margin-right: 0px !important;margin-bottom: 0px !important;margin-left: 0px !important;border-top-width: 0px !important;border-right-width: 0px !important;border-bottom-width: 0px !important;border-left-width: 0px !important;padding-top: 0px !important;padding-right: 0px !important;padding-bottom: 0px !important;padding-left: 0px !important;}\u00a0\u00bb][\/vc_column][\/vc_row][vc_row fixed_width=\u00a0\u00bbtrue\u00a0\u00bb css=\u00a0\u00bb.vc_custom_1537519315431{margin-bottom: 60px !important;}\u00a0\u00bb][vc_column]<div class=\"sohohotel-title1 sohohotel-title-color\"><h1>Informations importantes et actuelles!<\/h1><h3><\/h3><\/div>[vc_column_text]<\/p>\n<p style=\"text-align: center;\">Malheureusement, il y a actuellement un chantier de construction pr\u00e8s de nos appartements dans la Schillerstra\u00dfe.<br \/>\nElle sera active jusqu&rsquo;\u00e0 la fin de l&rsquo;ann\u00e9e 2021.<br \/>\nPar cons\u00e9quent, il peut malheureusement arriver que des nuisances sonores se produisent dans ces appartements.[\/vc_column_text]<a href=\"https:\/\/munich-finest-apartments.com\/fr\/the-poet-nos-appartements-dans-la-schillerstrasse-30\/\" class=\"sohohotel-button1\" style=\"background: #b99470;color:#ffffff;margin: 0 auto 20px auto;\">Aux Appartements <i class=\"fa fa-angle-right\"><\/i><\/a><div class=\"sohohotel-clearboth\"><\/div>[\/vc_column][\/vc_row][vc_row fixed_width=\u00a0\u00bbtrue\u00a0\u00bb css=\u00a0\u00bb.vc_custom_1537519315431{margin-bottom: 60px !important;}\u00a0\u00bb][vc_column]<div class=\"sohohotel-title1 sohohotel-title-color\"><h1>Appartements<\/h1><h3><\/h3><\/div>[vc_column_text]<\/p>\n<p style=\"text-align: left;\">Ce logement unique est situ\u00e9 dans le COEUR de Munich, dans la c\u00e9l\u00e8bre Schillerstra\u00dfe. Un lieu de s\u00e9jour agr\u00e9able pour les familles, les groupes et les amis.<br \/>\nToutes les gares importantes du centre ville sont accessibles \u00e0 pied : <strong>Marienplatz, Karlsplatz-Stachus, Hauptbahnhof, Sendlinger Tor, Oktoberfest<\/strong> &#8211; toutes \u00e0 quelques minutes de marche.<\/p>\n<p style=\"text-align: left;\">Ces appartements de vacances exceptionnellement spacieux, confortables, lumineux et situ\u00e9s au centre de la ville r\u00e9pondent aux exigences les plus strictes. Il s&rsquo;agit, par exemple, de cuisines enti\u00e8rement \u00e9quip\u00e9es (avec laveuse et s\u00e9cheuse), de matelas de haute qualit\u00e9, d&rsquo;un mobilier et d&rsquo;un \u00e9clairage tr\u00e8s modernes et luxueux et d&rsquo;un coffre-fort.<\/p>\n<p>Toutes les chambres sont de plain-pied, \u00e9quip\u00e9es de draps et de linge de maison frais, de serviettes propres et de nombreux rangements dans les placards spacieux.\u00a0 La machine \u00e0 laver et le s\u00e8che-linge sont situ\u00e9s dans la maison et peuvent \u00eatre utilis\u00e9s moyennant une redevance.<\/p>\n<p style=\"text-align: left;\">Nous esp\u00e9rons avoir des invit\u00e9s raisonnables et respectueux qui n&rsquo;oublieront certainement pas leur s\u00e9jour dans ce lieu unique.<\/p>\n<p style=\"text-align: left;\"><strong>Langues parl\u00e9es: Anglais, allemand, arabe.<\/strong><\/p>\n<p>[\/vc_column_text]<a href=\"https:\/\/munich-finest-apartments.com\/fr\/the-poet-nos-appartements-dans-la-schillerstrasse-30\/\" class=\"sohohotel-button1\" style=\"background: #b99470;color:#ffffff;margin: 0 auto 20px auto;\">Aux Appartements <i class=\"fa fa-angle-right\"><\/i><\/a><div class=\"sohohotel-clearboth\"><\/div>[\/vc_column][\/vc_row][vc_row css=\u00a0\u00bb.vc_custom_1537522799844{margin-top: 0px !important;margin-right: 0px !important;margin-bottom: 40px !important;margin-left: 0px !important;border-top-width: 0px !important;border-right-width: 0px !important;border-bottom-width: 0px !important;border-left-width: 0px !important;padding-top: 80px !important;padding-right: 0px !important;padding-bottom: 80px !important;padding-left: 0px !important;background-color: #1c1c1c !important;}\u00a0\u00bb][vc_column css=\u00a0\u00bb.vc_custom_1537520810268{margin-top: 0px !important;margin-right: 0px !important;margin-bottom: 0px !important;margin-left: 0px !important;border-top-width: 0px !important;border-right-width: 0px !important;border-bottom-width: 0px !important;border-left-width: 0px !important;padding-top: 0px !important;padding-right: 0px !important;padding-bottom: 0px !important;padding-left: 0px !important;}\u00a0\u00bb]<div class=\"sohohotel-title2 sohohotel-title-color2\"><h3>Nos appartements design<\/h3><\/div>[vc_column_text el_class=\u00a0\u00bbsohohotel-accommodation-carousel-text\u00a0\u00bb]<\/p>\n<p style=\"text-align: center;\"><span style=\"color: #ffffff;\">Faites-vous une id\u00e9e ! Nous disposons d&rsquo;appartements de 4 \u00e0 12 personnes maximum. Tous les appartements sont situ\u00e9s dans le centre de Munich. <\/span><\/p>\n<p>[\/vc_column_text]\t\t\n\t\t<!-- BEGIN .accommodation-carousel -->\n\t\t<div class=\"accommodation-carousel sohohotel-owl-carousel-3\">\n\t\t\n\t\t\t\t\t\t\t\t\t\n\t\t\t\t\t\t<!-- BEGIN .accommodation-block -->\n\t\t\t\t\t\t<div class=\"accommodation-block\">\n\n\t\t\t\t\t\t\t<div class=\"accommodation-block-image\">\n\t\t\t\t\t\t\t\t\t\t\t\t\t\t\t\t\t<a href=\"https:\/\/munich-finest-apartments.com\/fr\/accommodation\/apartment-1-premium\/\" rel=\"bookmark\" title=\"Apartment 1 | Premium\">\n\t\t\t\t\t\t\t\t\t\t\t\t\t\t\t\t\t\t\t\t<img src=\"https:\/\/munich-finest-apartments.com\/wp-content\/uploads\/2020\/01\/PHOTO-2020-09-24-18-27-37-1-600x380.jpg\" alt=\"Apartment 1 | Premium\" \/>\t\t\t\t\t\t\t\t\t<\/a>\n\t\t\t\t\t\t\t\t\t\t\t\t\t\t\t<\/div>\n\n\t\t\t\t\t\t\t<div class=\"accommodation-block-content\">\n\t\t\t\t\t\t\t\t<h4><a href=\"https:\/\/munich-finest-apartments.com\/fr\/accommodation\/apartment-1-premium\/\" rel=\"bookmark\" title=\"Apartment 1 | Premium\">Apartment 1 | Premium<\/a><\/h4>\n\n\t\t\t\t\t\t\t\t<ul>\r\n<li><span>Occupation maximale:<\/span> jusqu'\u00e0 8 personnes<\/li>\r\n<li><port\u00e9e>Taille:<\/port\u00e9e> 95 m\u00b2<\/li>\r\n<li><span>Location:<\/span> centre ville<\/li>\r\n<\/ul>\t\n\t\t\t\t\t\t\t\t<div class=\"shb-clearfix\">\n\t\t\t\t\t\t\t\t\t<a href=\"https:\/\/munich-finest-apartments.com\/fr\/accommodation\/apartment-1-premium\/\" class=\"price-button\">from \u20ac0.00 per night<\/a>\n\t\t\t\t\t\t\t\t\t<a href=\"https:\/\/munich-finest-apartments.com\/fr\/accommodation\/apartment-1-premium\/\" class=\"view-details-button\">View Details <i class=\"fa fa-angle-right\"><\/i><\/a>\n\t\t\t\t\t\t\t\t<\/div>\n\t\n\t\t\t\t\t\t\t<\/div>\n\n\t\t\t\t\t\t<!-- END .accommodation-block -->\n\t\t\t\t\t\t<\/div>\n\t\t\t\t\t\n\t\t\t\t\t\t\t\t\t\n\t\t\t\t\t\t<!-- BEGIN .accommodation-block -->\n\t\t\t\t\t\t<div class=\"accommodation-block\">\n\n\t\t\t\t\t\t\t<div class=\"accommodation-block-image\">\n\t\t\t\t\t\t\t\t\t\t\t\t\t\t\t\t\t<a href=\"https:\/\/munich-finest-apartments.com\/fr\/accommodation\/apartment-2-studio\/\" rel=\"bookmark\" title=\"Apartment 2 | Studio\">\n\t\t\t\t\t\t\t\t\t\t\t\t\t\t\t\t\t\t\t\t<img src=\"https:\/\/munich-finest-apartments.com\/wp-content\/uploads\/2020\/01\/PHOTO-2020-09-24-00-16-52-4-600x380.jpg\" alt=\"Apartment 2 | Studio\" \/>\t\t\t\t\t\t\t\t\t<\/a>\n\t\t\t\t\t\t\t\t\t\t\t\t\t\t\t<\/div>\n\n\t\t\t\t\t\t\t<div class=\"accommodation-block-content\">\n\t\t\t\t\t\t\t\t<h4><a href=\"https:\/\/munich-finest-apartments.com\/fr\/accommodation\/apartment-2-studio\/\" rel=\"bookmark\" title=\"Apartment 2 | Studio\">Apartment 2 | Studio<\/a><\/h4>\n\n\t\t\t\t\t\t\t\t<ul>\r\n<li><span>Occupation maximale:<\/span> jusqu'\u00e0 4 personnes<\/li>\r\n<li><port\u00e9e>Taille:<\/port\u00e9e> 31 m\u00b2<\/li>\r\n<li><span>View:<\/span> centre ville<\/li>\r\n<\/ul>\t\n\t\t\t\t\t\t\t\t<div class=\"shb-clearfix\">\n\t\t\t\t\t\t\t\t\t<a href=\"https:\/\/munich-finest-apartments.com\/fr\/accommodation\/apartment-2-studio\/\" class=\"price-button\">from \u20ac150.00 per night<\/a>\n\t\t\t\t\t\t\t\t\t<a href=\"https:\/\/munich-finest-apartments.com\/fr\/accommodation\/apartment-2-studio\/\" class=\"view-details-button\">View Details <i class=\"fa fa-angle-right\"><\/i><\/a>\n\t\t\t\t\t\t\t\t<\/div>\n\t\n\t\t\t\t\t\t\t<\/div>\n\n\t\t\t\t\t\t<!-- END .accommodation-block -->\n\t\t\t\t\t\t<\/div>\n\t\t\t\t\t\n\t\t\t\t\t\t\t\t\t\n\t\t\t\t\t\t<!-- BEGIN .accommodation-block -->\n\t\t\t\t\t\t<div class=\"accommodation-block\">\n\n\t\t\t\t\t\t\t<div class=\"accommodation-block-image\">\n\t\t\t\t\t\t\t\t\t\t\t\t\t\t\t\t\t<a href=\"https:\/\/munich-finest-apartments.com\/fr\/accommodation\/apartment-3-studio\/\" rel=\"bookmark\" title=\"Apartment 3 | Studio\">\n\t\t\t\t\t\t\t\t\t\t\t\t\t\t\t\t\t\t\t\t<img src=\"https:\/\/munich-finest-apartments.com\/wp-content\/uploads\/2020\/01\/PHOTO-2020-09-24-00-18-14-6-600x380.jpg\" alt=\"Apartment 3 | Studio\" \/>\t\t\t\t\t\t\t\t\t<\/a>\n\t\t\t\t\t\t\t\t\t\t\t\t\t\t\t<\/div>\n\n\t\t\t\t\t\t\t<div class=\"accommodation-block-content\">\n\t\t\t\t\t\t\t\t<h4><a href=\"https:\/\/munich-finest-apartments.com\/fr\/accommodation\/apartment-3-studio\/\" rel=\"bookmark\" title=\"Apartment 3 | Studio\">Apartment 3 | Studio<\/a><\/h4>\n\n\t\t\t\t\t\t\t\t<ul>\r\n<li><span>Occupation maximale:<\/span> jusqu'\u00e0 4 personnes<\/li>\r\n<li><port\u00e9e>Taille:<\/port\u00e9e> 38 m\u00b2<\/li>\r\n<li><span>View:<\/span> centre ville<\/li>\r\n<\/ul>\t\n\t\t\t\t\t\t\t\t<div class=\"shb-clearfix\">\n\t\t\t\t\t\t\t\t\t<a href=\"https:\/\/munich-finest-apartments.com\/fr\/accommodation\/apartment-3-studio\/\" class=\"price-button\">from \u20ac150.00 per night<\/a>\n\t\t\t\t\t\t\t\t\t<a href=\"https:\/\/munich-finest-apartments.com\/fr\/accommodation\/apartment-3-studio\/\" class=\"view-details-button\">View Details <i class=\"fa fa-angle-right\"><\/i><\/a>\n\t\t\t\t\t\t\t\t<\/div>\n\t\n\t\t\t\t\t\t\t<\/div>\n\n\t\t\t\t\t\t<!-- END .accommodation-block -->\n\t\t\t\t\t\t<\/div>\n\t\t\t\t\t\n\t\t\t\t\t\t\t\t\t\n\t\t\t\t\t\t<!-- BEGIN .accommodation-block -->\n\t\t\t\t\t\t<div class=\"accommodation-block\">\n\n\t\t\t\t\t\t\t<div class=\"accommodation-block-image\">\n\t\t\t\t\t\t\t\t\t\t\t\t\t\t\t\t\t<a href=\"https:\/\/munich-finest-apartments.com\/fr\/accommodation\/apartment-4-studio\/\" rel=\"bookmark\" title=\"Apartment 4 | Studio\">\n\t\t\t\t\t\t\t\t\t\t\t\t\t\t\t\t\t\t\t\t<img src=\"https:\/\/munich-finest-apartments.com\/wp-content\/uploads\/2020\/01\/PHOTO-2020-09-24-00-18-58-1-600x380.jpg\" alt=\"Apartment 4 | Studio\" \/>\t\t\t\t\t\t\t\t\t<\/a>\n\t\t\t\t\t\t\t\t\t\t\t\t\t\t\t<\/div>\n\n\t\t\t\t\t\t\t<div class=\"accommodation-block-content\">\n\t\t\t\t\t\t\t\t<h4><a href=\"https:\/\/munich-finest-apartments.com\/fr\/accommodation\/apartment-4-studio\/\" rel=\"bookmark\" title=\"Apartment 4 | Studio\">Apartment 4 | Studio<\/a><\/h4>\n\n\t\t\t\t\t\t\t\t<ul>\r\n<li><span>Occupation maximale:<\/span> jusqu'\u00e0 4 personnes<\/li>\r\n<li><port\u00e9e>Taille:<\/port\u00e9e> 43 m\u00b2<\/li>\r\n<li><span>Location:<\/span> centre ville<\/li>\r\n<\/ul>\t\n\t\t\t\t\t\t\t\t<div class=\"shb-clearfix\">\n\t\t\t\t\t\t\t\t\t<a href=\"https:\/\/munich-finest-apartments.com\/fr\/accommodation\/apartment-4-studio\/\" class=\"price-button\">from \u20ac150.00 per night<\/a>\n\t\t\t\t\t\t\t\t\t<a href=\"https:\/\/munich-finest-apartments.com\/fr\/accommodation\/apartment-4-studio\/\" class=\"view-details-button\">View Details <i class=\"fa fa-angle-right\"><\/i><\/a>\n\t\t\t\t\t\t\t\t<\/div>\n\t\n\t\t\t\t\t\t\t<\/div>\n\n\t\t\t\t\t\t<!-- END .accommodation-block -->\n\t\t\t\t\t\t<\/div>\n\t\t\t\t\t\n\t\t\t\t\t\t\t\t\t\n\t\t\t\t\t\t<!-- BEGIN .accommodation-block -->\n\t\t\t\t\t\t<div class=\"accommodation-block\">\n\n\t\t\t\t\t\t\t<div class=\"accommodation-block-image\">\n\t\t\t\t\t\t\t\t\t\t\t\t\t\t\t\t\t<a href=\"https:\/\/munich-finest-apartments.com\/fr\/accommodation\/apartment-5-studio\/\" rel=\"bookmark\" title=\"Apartment 5 | Studio\">\n\t\t\t\t\t\t\t\t\t\t\t\t\t\t\t\t\t\t\t\t<img src=\"https:\/\/munich-finest-apartments.com\/wp-content\/uploads\/2020\/01\/PHOTO-2020-09-24-00-19-46-2-600x380.jpg\" alt=\"Apartment 5 | Studio\" \/>\t\t\t\t\t\t\t\t\t<\/a>\n\t\t\t\t\t\t\t\t\t\t\t\t\t\t\t<\/div>\n\n\t\t\t\t\t\t\t<div class=\"accommodation-block-content\">\n\t\t\t\t\t\t\t\t<h4><a href=\"https:\/\/munich-finest-apartments.com\/fr\/accommodation\/apartment-5-studio\/\" rel=\"bookmark\" title=\"Apartment 5 | Studio\">Apartment 5 | Studio<\/a><\/h4>\n\n\t\t\t\t\t\t\t\t<ul>\r\n<li><span>Occupation maximale:<\/span> jusqu'\u00e0 4 personnes<\/li>\r\n<li><port\u00e9e>Taille:<\/port\u00e9e> 37 m\u00b2<\/li>\r\n<li><span>Location:<\/span> centre ville<\/li>\r\n<\/ul>\t\n\t\t\t\t\t\t\t\t<div class=\"shb-clearfix\">\n\t\t\t\t\t\t\t\t\t<a href=\"https:\/\/munich-finest-apartments.com\/fr\/accommodation\/apartment-5-studio\/\" class=\"price-button\">from \u20ac150.00 per night<\/a>\n\t\t\t\t\t\t\t\t\t<a href=\"https:\/\/munich-finest-apartments.com\/fr\/accommodation\/apartment-5-studio\/\" class=\"view-details-button\">View Details <i class=\"fa fa-angle-right\"><\/i><\/a>\n\t\t\t\t\t\t\t\t<\/div>\n\t\n\t\t\t\t\t\t\t<\/div>\n\n\t\t\t\t\t\t<!-- END .accommodation-block -->\n\t\t\t\t\t\t<\/div>\n\t\t\t\t\t\n\t\t\t\t\t\t\t\t\t\n\t\t\t\t\t\t<!-- BEGIN .accommodation-block -->\n\t\t\t\t\t\t<div class=\"accommodation-block\">\n\n\t\t\t\t\t\t\t<div class=\"accommodation-block-image\">\n\t\t\t\t\t\t\t\t\t\t\t\t\t\t\t\t\t<a href=\"https:\/\/munich-finest-apartments.com\/fr\/accommodation\/apartment-6-premium\/\" rel=\"bookmark\" title=\"Apartment 6 | Premium\">\n\t\t\t\t\t\t\t\t\t\t\t\t\t\t\t\t\t\t\t\t<img src=\"https:\/\/munich-finest-apartments.com\/wp-content\/uploads\/2020\/01\/PHOTO-2020-09-24-00-21-25-6-600x380.jpg\" alt=\"Apartment 6 | Premium\" \/>\t\t\t\t\t\t\t\t\t<\/a>\n\t\t\t\t\t\t\t\t\t\t\t\t\t\t\t<\/div>\n\n\t\t\t\t\t\t\t<div class=\"accommodation-block-content\">\n\t\t\t\t\t\t\t\t<h4><a href=\"https:\/\/munich-finest-apartments.com\/fr\/accommodation\/apartment-6-premium\/\" rel=\"bookmark\" title=\"Apartment 6 | Premium\">Apartment 6 | Premium<\/a><\/h4>\n\n\t\t\t\t\t\t\t\t<ul>\r\n<li><span>Occupation maximale:<\/span> jusqu'\u00e0 8 personnes<\/li>\r\n<li><port\u00e9e>Taille:<\/port\u00e9e> 80 m\u00b2<\/li>\r\n<li><span>Location:<\/span> centre ville<\/li>\r\n<\/ul>\t\n\t\t\t\t\t\t\t\t<div class=\"shb-clearfix\">\n\t\t\t\t\t\t\t\t\t<a href=\"https:\/\/munich-finest-apartments.com\/fr\/accommodation\/apartment-6-premium\/\" class=\"price-button\">from \u20ac300.00 per night<\/a>\n\t\t\t\t\t\t\t\t\t<a href=\"https:\/\/munich-finest-apartments.com\/fr\/accommodation\/apartment-6-premium\/\" class=\"view-details-button\">View Details <i class=\"fa fa-angle-right\"><\/i><\/a>\n\t\t\t\t\t\t\t\t<\/div>\n\t\n\t\t\t\t\t\t\t<\/div>\n\n\t\t\t\t\t\t<!-- END .accommodation-block -->\n\t\t\t\t\t\t<\/div>\n\t\t\t\t\t\n\t\t\t\t\t\t\t\t\t\n\t\t\t\t\t\t<!-- BEGIN .accommodation-block -->\n\t\t\t\t\t\t<div class=\"accommodation-block\">\n\n\t\t\t\t\t\t\t<div class=\"accommodation-block-image\">\n\t\t\t\t\t\t\t\t\t\t\t\t\t\t\t\t\t<a href=\"https:\/\/munich-finest-apartments.com\/fr\/accommodation\/apartment-7-deluxe\/\" rel=\"bookmark\" title=\"Apartment 7 | Deluxe\">\n\t\t\t\t\t\t\t\t\t\t\t\t\t\t\t\t\t\t\t\t<img src=\"https:\/\/munich-finest-apartments.com\/wp-content\/uploads\/2020\/01\/PHOTO-2020-09-24-18-27-37-1-2-600x380.jpg\" alt=\"Apartment 7 | Deluxe\" \/>\t\t\t\t\t\t\t\t\t<\/a>\n\t\t\t\t\t\t\t\t\t\t\t\t\t\t\t<\/div>\n\n\t\t\t\t\t\t\t<div class=\"accommodation-block-content\">\n\t\t\t\t\t\t\t\t<h4><a href=\"https:\/\/munich-finest-apartments.com\/fr\/accommodation\/apartment-7-deluxe\/\" rel=\"bookmark\" title=\"Apartment 7 | Deluxe\">Apartment 7 | Deluxe<\/a><\/h4>\n\n\t\t\t\t\t\t\t\t<ul>\r\n<li><span>Occupation maximale:<\/span> jusqu'\u00e0 12 personnes<\/li>\r\n<li><port\u00e9e>Taille:<\/port\u00e9e> 130 m\u00b2<\/li>\r\n<li><span>Location:<\/span> centre ville<\/li>\r\n<\/ul>\t\n\t\t\t\t\t\t\t\t<div class=\"shb-clearfix\">\n\t\t\t\t\t\t\t\t\t<a href=\"https:\/\/munich-finest-apartments.com\/fr\/accommodation\/apartment-7-deluxe\/\" class=\"price-button\">from \u20ac500.00 per night<\/a>\n\t\t\t\t\t\t\t\t\t<a href=\"https:\/\/munich-finest-apartments.com\/fr\/accommodation\/apartment-7-deluxe\/\" class=\"view-details-button\">View Details <i class=\"fa fa-angle-right\"><\/i><\/a>\n\t\t\t\t\t\t\t\t<\/div>\n\t\n\t\t\t\t\t\t\t<\/div>\n\n\t\t\t\t\t\t<!-- END .accommodation-block -->\n\t\t\t\t\t\t<\/div>\n\t\t\t\t\t\n\t\t\t\t\t\t\n\t\t\t<!-- END .accommodation-carousel -->\n\t\t\t<\/div>\n\t\t\n\t[\/vc_column][\/vc_row][vc_row fixed_width=\u00a0\u00bbtrue\u00a0\u00bb css=\u00a0\u00bb.vc_custom_1537523492174{margin-top: 0px !important;margin-right: 0px !important;margin-bottom: 60px !important;margin-left: 0px !important;border-top-width: 0px !important;border-right-width: 0px !important;border-bottom-width: 0px !important;border-left-width: 0px !important;padding-top: 0px !important;padding-right: 0px !important;padding-bottom: 0px !important;padding-left: 0px !important;}\u00a0\u00bb][vc_column]<div class=\"sohohotel-title3 sohohotel-title-color\"><h4>FAQ | Ce que vous devez savoir.<\/h4><\/div>[vc_toggle title=\u00a0\u00bbCartes de cr\u00e9dit accept\u00e9es\u00a0\u00bb]<strong>Cartes de cr\u00e9dit accept\u00e9es<\/strong><br \/>\nAmerican Express<br \/>\nDiners Club<br \/>\nMastercard<br \/>\nVisa[\/vc_toggle][vc_toggle title=\u00a0\u00bbR\u00e8glement de la Chambre\u00a0\u00bb]Enregistrement : Apr\u00e8s 15:00<br \/>\nD\u00e9part : 11:00<br \/>\nInterdiction de fumer<br \/>\nPas d&rsquo;animaux de compagnie<br \/>\nPas de f\u00eates ou d&rsquo;\u00e9v\u00e9nements[\/vc_toggle][vc_toggle title=\u00a0\u00bbServices compl\u00e9mentaires\u00a0\u00bb]<\/p>\n<ul>\n<li>Service de nettoyage de textile payant<\/li>\n<p>.<\/p>\n<li>Lingerie payante<\/li>\n<li>Nettoyage de chambre payant<\/li>\n<li>Lits de b\u00e9b\u00e9 (gratuit)<\/li>\n<li> Stockage des bagages (gratuit)<\/li>\n<li>Parking payant sur place<\/li>\n<\/ul>\n<p>[\/vc_toggle][vc_toggle title=\u00a0\u00bbChoses \u00e0 savoir\u00a0\u00bb]Les personnes suppl\u00e9mentaires peuvent \u00eatre soumises \u00e0 des frais, qui peuvent varier en fonction des politiques du logement.<br \/>\n.<br \/>\nUne pi\u00e8ce d&rsquo;identit\u00e9 avec photo et une carte de cr\u00e9dit, ou une caution en esp\u00e8ces pour les d\u00e9penses impr\u00e9vues peuvent \u00eatre exig\u00e9es \u00e0 l&rsquo;enregistrement.<br \/>\nSous r\u00e9serve des disponibilit\u00e9s \u00e0 l&rsquo;enregistrement, tout sera fait pour r\u00e9pondre aux demandes sp\u00e9ciales, mais celles-ci ne peuvent \u00eatre garanties. Des frais suppl\u00e9mentaires peuvent s&rsquo;appliquer.[\/vc_toggle][vc_toggle title=\u00a0\u00bbQu&rsquo;est-ce qu&rsquo;il y a dans le coin ?\u00a0\u00bb]Deutsches Theater Munich 0,1 km<br \/>\nKolpinghaus Munich-Central 0,2 km<br \/>\nKarlsplatz (Stachus) 0,5 km<br \/>\nPorte de Sendlinger 0,7 km<br \/>\n\u00c9glise d&rsquo;Asam 0,7 km<\/p>\n<p><strong>Restaurants &#038;amp ; Caf\u00e9s:<\/strong><br \/>\nCuisine internationale<br \/>\nRestaurant Schiller Br\u00e4u 0,1 km<br \/>\nCaf\u00e9\/Bar 0,1 km<br \/>\nRestaurant L&rsquo;Osteria Hauptbahnhof 0,2 km<\/p>\n<p><strong>Supermarch\u00e9s &#038;amp ; Epiceries:<\/strong><br \/>\nSupermarch\u00e9 Lidl 0,1 km<br \/>\nMarch\u00e9 Aldi 0,1 km<\/p>\n<p><strong>Transport public:<\/strong><br \/>\n.<br \/>\nLe m\u00e9tro : U1.U2.U4.U5.U7.U8 station principale=450 M<br \/>\nS-Bahns : S1.S2.S3.S4.S6.S7.S8.S20 station principale=450 M<br \/>\nTrams : 16,17,18,19,21 Hauptbahnhof =450 M<\/p>\n<p>Sendlinger Tor, Sendlinger-Tor-Platz =750M<br \/>\nKarlsplatz (Stachus)=500 M<br \/>\nMarienplatz =1,2 Km[\/vc_toggle][vc_toggle title=\u00a0\u00bbPrincipales attractions\u00a0\u00bb]\u00c9glise Notre-Dame de Munich 0,9 km<br \/>\nLenbachhaus 1 km<br \/>\nMarienplatz et H\u00f4tel de ville 1 km<br \/>\nOktoberfest &#8211; Theresienwiese 1.1 km<br \/>\nViktualienmarkt 1.2 km<br \/>\nOp\u00e9ra d&rsquo;\u00c9tat bavarois 1,3 km<br \/>\nHofbr\u00e4uhaus 1,4 km<br \/>\nMus\u00e9e allemand 1.9 km<br \/>\nMus\u00e9e national bavarois 2,3 km<br \/>\nJardin anglais 4,6 km[\/vc_toggle][\/vc_column][\/vc_row][vc_row css=\u00a0\u00bb.vc_custom_1537523518263{margin-top: 0px !important;margin-right: 0px !important;margin-bottom: 80px !important;margin-left: 0px !important;border-top-width: 0px !important;border-right-width: 0px !important;border-bottom-width: 0px !important;border-left-width: 0px !important;padding-top: 0px !important;padding-right: 0px !important;padding-bottom: 0px !important;padding-left: 0px !important;}\u00a0\u00bb][vc_column css=\u00a0\u00bb.vc_custom_1537523206062{margin-top: 0px !important;margin-right: 0px !important;margin-bottom: 0px !important;margin-left: 0px !important;border-top-width: 0px !important;border-right-width: 0px !important;border-bottom-width: 0px !important;border-left-width: 0px !important;padding-top: 0px !important;padding-right: 0px !important;padding-bottom: 0px !important;padding-left: 0px !important;}\u00a0\u00bb]<section class=\"sohohotel-clearfix sohohotel-call-to-action-2-section\" style=\"background:url(https:\/\/munich-finest-apartments.com\/wp-content\/uploads\/2020\/01\/02-2.jpg) no-repeat center top;\">\n\n\t\t<div class=\"sohohotel-call-to-action-2-section-inner\">\n\n\t\t\t<h3>R\u00e9servez dans le confort de votre propre maison et attendez-vous \u00e0 un s\u00e9jour inoubliable avec nous.<\/h3>\n\t\t\t<p><\/p>\n\t\t\t<a href=\"https:\/\/munich-finest-apartments.com\/fr\/reservation\/#\/booking\/search\" class=\"sohohotel-button0\">Directement \u00e0 la r\u00e9servation<i class=\"fa fa-angle-right\"><\/i><\/a>\n\n\t\t<\/div>\n\t\t\n\t<\/section>[\/vc_column][\/vc_row]<\/p>\n","protected":false},"excerpt":{"rendered":"<p>[vc_row css=\u00a0\u00bb.vc_custom_1537517367646{margin-top: 0px !important;margin-right: 0px !important;margin-bottom: 0px !important;margin-left: 0px !important;border-top-width: 0px !important;border-right-width: 0px !important;border-bottom-width: 0px !important;border-left-width: 0px !important;padding-top: 0px !important;padding-right: 0px !important;padding-bottom: 0px !important;padding-left: 0px !important;}\u00a0\u00bb][vc_column css=\u00a0\u00bb.vc_custom_1537517359601{margin-top: 0px !important;margin-right: 0px !important;margin-bottom: 0px !important;margin-left: 0px !important;border-top-width: 0px !important;border-right-width: 0px !important;border-bottom-width: 0px !important;border-left-width: 0px !important;padding-top: 0px !important;padding-right: 0px !important;padding-bottom: 0px !important;padding-left: 0px !important;}\u00a0\u00bb][rev_slider_vc alias=\u00a0\u00bbmunich-homepage-en-1&Prime; el_class=\u00a0\u00bbsohohotel-homepage-slider\u00a0\u00bb][\/vc_column][\/vc_row][vc_row css=\u00a0\u00bb.vc_custom_1580315244051{margin-top: 0px<\/p>\n<a href=\"https:\/\/munich-finest-apartments.com\/fr\/accommodation\/apartment-7-deluxe\/\" class=\"sohohotel-more-link\">Read More<i class=\"fa fa-angle-right\"><\/i><\/a>","protected":false},"author":1,"featured_media":0,"parent":0,"menu_order":0,"comment_status":"closed","ping_status":"closed","template":"","meta":[],"_links":{"self":[{"href":"https:\/\/munich-finest-apartments.com\/fr\/wp-json\/wp\/v2\/pages\/743"}],"collection":[{"href":"https:\/\/munich-finest-apartments.com\/fr\/wp-json\/wp\/v2\/pages"}],"about":[{"href":"https:\/\/munich-finest-apartments.com\/fr\/wp-json\/wp\/v2\/types\/page"}],"author":[{"embeddable":true,"href":"https:\/\/munich-finest-apartments.com\/fr\/wp-json\/wp\/v2\/users\/1"}],"replies":[{"embeddable":true,"href":"https:\/\/munich-finest-apartments.com\/fr\/wp-json\/wp\/v2\/comments?post=743"}],"version-history":[{"count":9,"href":"https:\/\/munich-finest-apartments.com\/fr\/wp-json\/wp\/v2\/pages\/743\/revisions"}],"predecessor-version":[{"id":1151,"href":"https:\/\/munich-finest-apartments.com\/fr\/wp-json\/wp\/v2\/pages\/743\/revisions\/1151"}],"wp:attachment":[{"href":"https:\/\/munich-finest-apartments.com\/fr\/wp-json\/wp\/v2\/media?parent=743"}],"curies":[{"name":"wp","href":"https:\/\/api.w.org\/{rel}","templated":true}]}}